{"id":145,"date":"2019-07-17T07:19:19","date_gmt":"2019-07-17T05:19:19","guid":{"rendered":"http:\/\/aeti-unsa-bordeaux.org\/?page_id=145"},"modified":"2026-03-23T11:24:00","modified_gmt":"2026-03-23T10:24:00","slug":"aae","status":"publish","type":"page","link":"https:\/\/aeti-unsa-bordeaux.org\/?page_id=145","title":{"rendered":"AAE"},"content":{"rendered":"\n<p class=\"has-large-font-size\"><strong>Vos commissaires paritaires \u00e9lus en 2022<\/strong><\/p>\n\n\n\n<p><\/p>\n\n\n\n<p><\/p>\n\n\n\n<p class=\"has-medium-font-size\"><strong>TITULAIRES<\/strong><\/p>\n\n\n\n<p><\/p>\n\n\n\n<p><\/p>\n\n\n\n<p class=\"has-medium-font-size\"><br>M. LARROQUE Fr\u00e9d\u00e9ric &#8211; Lyc\u00e9e H. Tazieff, St-Paul L\u00e8s Dax &#8211; 40<br>(Coordonnateur cat\u00e9gorie A)<br><a rel=\"noreferrer noopener\" href=\"mailto:Frederic.Larroque@ac-bordeaux.fr\" target=\"_blank\">Frederic.Larroque@ac-bordeaux.fr<\/a><\/p>\n\n\n\n<div class=\"wp-block-image\"><figure class=\"aligncenter size-thumbnail\"><img loading=\"lazy\" width=\"150\" height=\"150\" src=\"http:\/\/aeti-unsa-bordeaux.org\/wp-content\/uploads\/2019\/12\/LARROQUE-FREDERIC-150x150.jpg\" alt=\"\" class=\"wp-image-495\"\/><\/figure><\/div>\n\n\n\n<p><\/p>\n\n\n\n<p><\/p>\n\n\n\n<p><\/p>\n\n\n\n<p class=\"has-medium-font-size\"><br><strong>SUPPL\u00c9ANTS<\/strong><\/p>\n\n\n\n<p class=\"has-medium-font-size\"><br>M. DEVILLEBICHOT Eric &#8211; &nbsp;Lyc\u00e9e Maurice Ravel St-Jean de Luz- 64<\/p>\n\n\n\n<p class=\"has-medium-font-size\"><strong><a href=\"mailto:eric.devillebichot@ac-bordeaux.fr\">eric.devillebichot@ac-bordeaux.fr<\/a><\/strong><\/p>\n\n\n\n<div class=\"wp-block-image\"><figure class=\"aligncenter size-thumbnail is-resized\"><img loading=\"lazy\" src=\"http:\/\/aeti-unsa-bordeaux.org\/wp-content\/uploads\/2022\/10\/eric-08-22-150x150.jpg\" alt=\"\" class=\"wp-image-1348\" width=\"150\" height=\"150\"\/><\/figure><\/div>\n\n\n\n<p><\/p>\n\n\n\n<p class=\"has-medium-font-size\"><br>Mme ETCHART Val\u00e9rie &#8211; Universit\u00e9 Pau Pays Adour, Pau &#8211; 64<br><a href=\"mailto:Valerie.Etchart@crous-bordeaux.fr\" target=\"_blank\" rel=\"noreferrer noopener\">Valerie.Etchart@crous-bordeaux.fr<\/a><\/p>\n\n\n\n<div class=\"wp-block-image\"><figure class=\"aligncenter is-resized\"><img loading=\"lazy\" src=\"http:\/\/aeti-unsa-bordeaux.org\/wp-content\/uploads\/2019\/07\/anonyme.jpeg\" alt=\"\" class=\"wp-image-150\" width=\"110\" height=\"110\" srcset=\"https:\/\/aeti-unsa-bordeaux.org\/wp-content\/uploads\/2019\/07\/anonyme.jpeg 600w, https:\/\/aeti-unsa-bordeaux.org\/wp-content\/uploads\/2019\/07\/anonyme-150x150.jpeg 150w, https:\/\/aeti-unsa-bordeaux.org\/wp-content\/uploads\/2019\/07\/anonyme-300x300.jpeg 300w\" sizes=\"(max-width: 110px) 100vw, 110px\" \/><\/figure><\/div>\n\n\n\n<p><\/p>\n","protected":false},"excerpt":{"rendered":"<p>Vos commissaires paritaires \u00e9lus en 2022 TITULAIRES M. LARROQUE Fr\u00e9d\u00e9ric &#8211; Lyc\u00e9e H. Tazieff, St-Paul L\u00e8s Dax &#8211; 40(Coordonnateur cat\u00e9gorie A)Frederic.Larroque@ac-bordeaux.fr SUPPL\u00c9ANTS M. DEVILLEBICHOT Eric &#8211; &nbsp;Lyc\u00e9e Maurice Ravel St-Jean de Luz- 64 eric.devillebichot@ac-bordeaux.fr Mme ETCHART Val\u00e9rie &#8211; Universit\u00e9 Pau Pays Adour, Pau &#8211; 64Valerie.Etchart@crous-bordeaux.fr<\/p>\n","protected":false},"author":1,"featured_media":0,"parent":91,"menu_order":2,"comment_status":"closed","ping_status":"closed","template":"","meta":{"spay_email":""},"_links":{"self":[{"href":"https:\/\/aeti-unsa-bordeaux.org\/index.php?rest_route=\/wp\/v2\/pages\/145"}],"collection":[{"href":"https:\/\/aeti-unsa-bordeaux.org\/index.php?rest_route=\/wp\/v2\/pages"}],"about":[{"href":"https:\/\/aeti-unsa-bordeaux.org\/index.php?rest_route=\/wp\/v2\/types\/page"}],"author":[{"embeddable":true,"href":"https:\/\/aeti-unsa-bordeaux.org\/index.php?rest_route=\/wp\/v2\/users\/1"}],"replies":[{"embeddable":true,"href":"https:\/\/aeti-unsa-bordeaux.org\/index.php?rest_route=%2Fwp%2Fv2%2Fcomments&post=145"}],"version-history":[{"count":24,"href":"https:\/\/aeti-unsa-bordeaux.org\/index.php?rest_route=\/wp\/v2\/pages\/145\/revisions"}],"predecessor-version":[{"id":1906,"href":"https:\/\/aeti-unsa-bordeaux.org\/index.php?rest_route=\/wp\/v2\/pages\/145\/revisions\/1906"}],"up":[{"embeddable":true,"href":"https:\/\/aeti-unsa-bordeaux.org\/index.php?rest_route=\/wp\/v2\/pages\/91"}],"wp:attachment":[{"href":"https:\/\/aeti-unsa-bordeaux.org\/index.php?rest_route=%2Fwp%2Fv2%2Fmedia&parent=145"}],"curies":[{"name":"wp","href":"https:\/\/api.w.org\/{rel}","templated":true}]}}