{"id":284,"date":"2019-07-21T08:40:47","date_gmt":"2019-07-21T06:40:47","guid":{"rendered":"http:\/\/aeti-unsa-bordeaux.org\/?page_id=284"},"modified":"2021-12-13T08:20:47","modified_gmt":"2021-12-13T07:20:47","slug":"lactu-24","status":"publish","type":"page","link":"https:\/\/aeti-unsa-bordeaux.org\/?page_id=284","title":{"rendered":"L&rsquo;actu 24"},"content":{"rendered":"\n<p class=\"has-medium-font-size\"><strong>Heure d&rsquo;information syndicale Dordogne<\/strong><br>Le mardi 11 janvier 2022 \u00e0 la DSDEN 24<br><a href=\"http:\/\/aeti-unsa-bordeaux.org\/wp-content\/uploads\/2021\/12\/CONVOC-HIS-24-11-1-22-scaled.jpg\">T\u00e9l\u00e9charger la convocation<\/a><\/p>\n\n\n\n<p>&#8212;&#8212;&#8212;&#8212;&#8212;&#8212;&#8212;&#8212;&#8212;&#8212;&#8212;&#8212;&#8212;&#8212;&#8212;&#8212;&#8212;&#8212;&#8212;&#8212;&#8212;&#8212;&#8212;&#8212;&#8212;&#8212;&#8212;&#8212;&#8212;&#8212;&#8212;&#8212;&#8212;&#8212;&#8212;&#8212;&#8212;&#8212;&#8211;<\/p>\n\n\n\n<p class=\"has-medium-font-size\"><strong>CHSCT 24 du 29\/05\/20<\/strong><br><a href=\"http:\/\/aeti-unsa-bordeaux.org\/wp-content\/uploads\/2020\/06\/Decla-s\u00e9ance-290520-chsct-24.pdf\">D\u00e9claration UNSA &#8211; EDUCATION<\/a><\/p>\n\n\n\n<p>&#8212;&#8212;&#8212;&#8212;&#8212;&#8212;&#8212;&#8212;&#8212;&#8212;&#8212;&#8212;&#8212;&#8212;&#8212;&#8212;&#8212;&#8212;&#8212;&#8212;&#8212;&#8212;&#8212;&#8212;&#8212;&#8212;&#8212;&#8212;&#8212;&#8212;&#8212;&#8212;&#8212;&#8212;&#8212;&#8212;&#8212;&#8212;&#8211;<\/p>\n\n\n\n<p><strong>Heure d&rsquo;information syndicale du 11\/12<\/strong><br>Au coll\u00e8ge Henri Bretin de Neuvic de 9h30 \u00e0 12h<\/p>\n\n\n\n<p><a href=\"http:\/\/aeti-unsa-bordeaux.org\/wp-content\/uploads\/2019\/12\/CONVOC-HIS-24-11-12-19.jpg\">T\u00e9l\u00e9charger la convocation<\/a><\/p>\n\n\n\n<p>&#8212;&#8212;&#8212;&#8212;&#8212;&#8212;&#8212;&#8212;&#8212;&#8212;&#8212;&#8212;&#8212;&#8212;&#8212;&#8212;&#8212;&#8212;&#8212;&#8212;&#8212;&#8212;&#8212;&#8212;&#8212;&#8212;&#8212;&#8212;&#8212;&#8212;&#8212;&#8212;&#8212;&#8212;&#8212;&#8212;&#8212;&#8212;&#8211;<\/p>\n\n\n\n<p><strong>Gr\u00e8ve du 5 d\u00e9cembre  &#8211; D\u00e9part des cort\u00e8ges<\/strong><\/p>\n\n\n\n<p>P\u00e9rigueux : 10 h 30 au Palais de Justice.<br>Bergerac : 15 h au Palais de Justice.<br>Sarlat : 15 h sur la Place du March\u00e9 aux noix.  <\/p>\n\n\n\n<p><strong><a href=\"https:\/\/www.aeti-unsa.org\/reforme-des-retraites-les-gens-ne-sont-pas-des-moyennes\/\">POURQUOI SE MOBILISER ?<\/a><\/strong><\/p>\n\n\n\n<p>&#8212;&#8212;&#8212;&#8212;&#8212;&#8212;&#8212;&#8212;&#8212;&#8212;&#8212;&#8212;&#8212;&#8212;&#8212;&#8212;&#8212;&#8212;&#8212;&#8212;&#8212;&#8212;&#8212;&#8212;&#8212;&#8212;&#8212;&#8212;&#8212;&#8212;&#8212;&#8212;&#8212;&#8212;&#8212;&#8212;&#8212;&#8212;&#8211;<\/p>\n\n\n\n<p><a href=\"http:\/\/aeti-unsa-bordeaux.org\/wp-content\/uploads\/2019\/07\/accueil-24-28-08-2019.pdf\">Journ\u00e9e d&rsquo;accueil des nouveaux personnels le 28\/08\/19 au lyc\u00e9e Jay de Beaufort \u00e0 P\u00e9rigueux<\/a><\/p>\n","protected":false},"excerpt":{"rendered":"<p>Heure d&rsquo;information syndicale DordogneLe mardi 11 janvier 2022 \u00e0 la DSDEN 24T\u00e9l\u00e9charger la convocation &#8212;&#8212;&#8212;&#8212;&#8212;&#8212;&#8212;&#8212;&#8212;&#8212;&#8212;&#8212;&#8212;&#8212;&#8212;&#8212;&#8212;&#8212;&#8212;&#8212;&#8212;&#8212;&#8212;&#8212;&#8212;&#8212;&#8212;&#8212;&#8212;&#8212;&#8212;&#8212;&#8212;&#8212;&#8212;&#8212;&#8212;&#8212;&#8211; CHSCT 24 du 29\/05\/20D\u00e9claration UNSA &#8211; EDUCATION &#8212;&#8212;&#8212;&#8212;&#8212;&#8212;&#8212;&#8212;&#8212;&#8212;&#8212;&#8212;&#8212;&#8212;&#8212;&#8212;&#8212;&#8212;&#8212;&#8212;&#8212;&#8212;&#8212;&#8212;&#8212;&#8212;&#8212;&#8212;&#8212;&#8212;&#8212;&#8212;&#8212;&#8212;&#8212;&#8212;&#8212;&#8212;&#8211; Heure d&rsquo;information syndicale du 11\/12Au coll\u00e8ge Henri Bretin de Neuvic de 9h30 \u00e0 12h T\u00e9l\u00e9charger la convocation &#8212;&#8212;&#8212;&#8212;&#8212;&#8212;&#8212;&#8212;&#8212;&#8212;&#8212;&#8212;&#8212;&#8212;&#8212;&#8212;&#8212;&#8212;&#8212;&#8212;&#8212;&#8212;&#8212;&#8212;&#8212;&#8212;&#8212;&#8212;&#8212;&#8212;&#8212;&#8212;&#8212;&#8212;&#8212;&#8212;&#8212;&#8212;&#8211; Gr\u00e8ve du 5 d\u00e9cembre &#8211; D\u00e9part des cort\u00e8ges P\u00e9rigueux : 10 h 30 au [&hellip;]<\/p>\n","protected":false},"author":1,"featured_media":0,"parent":216,"menu_order":1,"comment_status":"closed","ping_status":"closed","template":"","meta":{"spay_email":""},"_links":{"self":[{"href":"https:\/\/aeti-unsa-bordeaux.org\/index.php?rest_route=\/wp\/v2\/pages\/284"}],"collection":[{"href":"https:\/\/aeti-unsa-bordeaux.org\/index.php?rest_route=\/wp\/v2\/pages"}],"about":[{"href":"https:\/\/aeti-unsa-bordeaux.org\/index.php?rest_route=\/wp\/v2\/types\/page"}],"author":[{"embeddable":true,"href":"https:\/\/aeti-unsa-bordeaux.org\/index.php?rest_route=\/wp\/v2\/users\/1"}],"replies":[{"embeddable":true,"href":"https:\/\/aeti-unsa-bordeaux.org\/index.php?rest_route=%2Fwp%2Fv2%2Fcomments&post=284"}],"version-history":[{"count":9,"href":"https:\/\/aeti-unsa-bordeaux.org\/index.php?rest_route=\/wp\/v2\/pages\/284\/revisions"}],"predecessor-version":[{"id":1079,"href":"https:\/\/aeti-unsa-bordeaux.org\/index.php?rest_route=\/wp\/v2\/pages\/284\/revisions\/1079"}],"up":[{"embeddable":true,"href":"https:\/\/aeti-unsa-bordeaux.org\/index.php?rest_route=\/wp\/v2\/pages\/216"}],"wp:attachment":[{"href":"https:\/\/aeti-unsa-bordeaux.org\/index.php?rest_route=%2Fwp%2Fv2%2Fmedia&parent=284"}],"curies":[{"name":"wp","href":"https:\/\/api.w.org\/{rel}","templated":true}]}}