{"id":288,"date":"2019-07-21T08:43:48","date_gmt":"2019-07-21T06:43:48","guid":{"rendered":"http:\/\/aeti-unsa-bordeaux.org\/?page_id=288"},"modified":"2024-03-30T08:29:34","modified_gmt":"2024-03-30T07:29:34","slug":"lequipe-40","status":"publish","type":"page","link":"https:\/\/aeti-unsa-bordeaux.org\/?page_id=288","title":{"rendered":"L&rsquo;\u00e9quipe 40"},"content":{"rendered":"\n<p class=\"has-medium-font-size\"><strong>Secr\u00e9taire d\u00e9partemental :<\/strong><\/p>\n\n\n\n<p>LARROQUE Fr\u00e9d\u00e9ric &#8211; Lyc\u00e9e Haroun Tazieff &#8211; ST-PAUL LES DAX<br>frederic.larroque@ac-bordeaux.fr<br><\/p>\n\n\n\n<div class=\"wp-block-image\"><figure class=\"aligncenter is-resized\"><img loading=\"lazy\" src=\"http:\/\/aeti-unsa-bordeaux.org\/wp-content\/uploads\/2019\/12\/LARROQUE-FREDERIC.jpg\" alt=\"\" class=\"wp-image-495\" width=\"180\" height=\"240\" srcset=\"https:\/\/aeti-unsa-bordeaux.org\/wp-content\/uploads\/2019\/12\/LARROQUE-FREDERIC.jpg 240w, https:\/\/aeti-unsa-bordeaux.org\/wp-content\/uploads\/2019\/12\/LARROQUE-FREDERIC-225x300.jpg 225w\" sizes=\"(max-width: 180px) 100vw, 180px\" \/><\/figure><\/div>\n\n\n\n<p class=\"has-medium-font-size\"><strong>Secr\u00e9taire d\u00e9partemental adjointe:<\/strong><\/p>\n\n\n\n<p> ACHER Dani\u00e8le, Lyc\u00e9e Gaston Crampe AIRE SUR L\u2019ADOUR <\/p>\n\n\n\n<div class=\"wp-block-image\"><figure class=\"aligncenter size-medium is-resized\"><img loading=\"lazy\" src=\"https:\/\/aeti-unsa-bordeaux.org\/wp-content\/uploads\/2022\/06\/Daniele-ACHER-Identite-233x300.jpg\" alt=\"\" class=\"wp-image-1270\" width=\"175\" height=\"225\" srcset=\"https:\/\/aeti-unsa-bordeaux.org\/wp-content\/uploads\/2022\/06\/Daniele-ACHER-Identite-233x300.jpg 233w, https:\/\/aeti-unsa-bordeaux.org\/wp-content\/uploads\/2022\/06\/Daniele-ACHER-Identite-795x1024.jpg 795w, https:\/\/aeti-unsa-bordeaux.org\/wp-content\/uploads\/2022\/06\/Daniele-ACHER-Identite-768x990.jpg 768w, https:\/\/aeti-unsa-bordeaux.org\/wp-content\/uploads\/2022\/06\/Daniele-ACHER-Identite-600x773.jpg 600w, https:\/\/aeti-unsa-bordeaux.org\/wp-content\/uploads\/2022\/06\/Daniele-ACHER-Identite.jpg 1046w\" sizes=\"(max-width: 175px) 100vw, 175px\" \/><\/figure><\/div>\n\n\n\n<p class=\"has-medium-font-size\"><strong>La commission de r\u00e9forme d\u00e9partementale<\/strong><\/p>\n\n\n\n<p>Cat\u00e9gorie A<br><br>Titulaires<br> LARROQUE Fr\u00e9d\u00e9ric &#8211;  Lyc\u00e9e Haroun Tazieff &#8211; ST-PAUL LES DAX <br>LEGENDRE-BOURDIER Ga\u00eblle &#8211; Clg Lubet Barbon &#8211; ST-PIERRE DU MONT<br><\/p>\n\n\n\n<p>Suppl\u00e9ants<br><br>DUMON Bertrand &#8211; LP Fr\u00e9d\u00e9ric Esteve &#8211; MONT-DE-MARSAN <\/p>\n\n\n\n<p>Cat\u00e9gorie B<\/p>\n\n\n\n<p>TITULAIRE<br><\/p>\n\n\n\n<p>SUPPLEANTE<br>LABOUDIGUE Corinne, classe ex, Coll\u00e8ge Jean Rostand &#8211; TARTAS <\/p>\n\n\n\n<p>Cat\u00e9gorie C<\/p>\n\n\n\n<p>TITULAIRE<br>LABARTHE-DUTEN S\u00e9verine,  LP Robert Wl\u00e9rick MONT DE MARSAN<\/p>\n\n\n\n<p>SUPPLEANTE<br>ACHER Dani\u00e8le, Lyc\u00e9e Gaston Crampe AIRE SUR L\u2019ADOUR<\/p>\n","protected":false},"excerpt":{"rendered":"<p>Secr\u00e9taire d\u00e9partemental : LARROQUE Fr\u00e9d\u00e9ric &#8211; Lyc\u00e9e Haroun Tazieff &#8211; ST-PAUL LES DAXfrederic.larroque@ac-bordeaux.fr Secr\u00e9taire d\u00e9partemental adjointe: ACHER Dani\u00e8le, Lyc\u00e9e Gaston Crampe AIRE SUR L\u2019ADOUR La commission de r\u00e9forme d\u00e9partementale Cat\u00e9gorie A Titulaires LARROQUE Fr\u00e9d\u00e9ric &#8211; Lyc\u00e9e Haroun Tazieff &#8211; ST-PAUL LES DAX LEGENDRE-BOURDIER Ga\u00eblle &#8211; Clg Lubet Barbon &#8211; ST-PIERRE DU MONT Suppl\u00e9ants DUMON Bertrand [&hellip;]<\/p>\n","protected":false},"author":1,"featured_media":0,"parent":220,"menu_order":0,"comment_status":"closed","ping_status":"closed","template":"","meta":{"spay_email":""},"_links":{"self":[{"href":"https:\/\/aeti-unsa-bordeaux.org\/index.php?rest_route=\/wp\/v2\/pages\/288"}],"collection":[{"href":"https:\/\/aeti-unsa-bordeaux.org\/index.php?rest_route=\/wp\/v2\/pages"}],"about":[{"href":"https:\/\/aeti-unsa-bordeaux.org\/index.php?rest_route=\/wp\/v2\/types\/page"}],"author":[{"embeddable":true,"href":"https:\/\/aeti-unsa-bordeaux.org\/index.php?rest_route=\/wp\/v2\/users\/1"}],"replies":[{"embeddable":true,"href":"https:\/\/aeti-unsa-bordeaux.org\/index.php?rest_route=%2Fwp%2Fv2%2Fcomments&post=288"}],"version-history":[{"count":15,"href":"https:\/\/aeti-unsa-bordeaux.org\/index.php?rest_route=\/wp\/v2\/pages\/288\/revisions"}],"predecessor-version":[{"id":1721,"href":"https:\/\/aeti-unsa-bordeaux.org\/index.php?rest_route=\/wp\/v2\/pages\/288\/revisions\/1721"}],"up":[{"embeddable":true,"href":"https:\/\/aeti-unsa-bordeaux.org\/index.php?rest_route=\/wp\/v2\/pages\/220"}],"wp:attachment":[{"href":"https:\/\/aeti-unsa-bordeaux.org\/index.php?rest_route=%2Fwp%2Fv2%2Fmedia&parent=288"}],"curies":[{"name":"wp","href":"https:\/\/api.w.org\/{rel}","templated":true}]}}