{"id":47,"date":"2019-07-09T20:34:44","date_gmt":"2019-07-09T18:34:44","guid":{"rendered":"http:\/\/aeti-unsa-bordeaux.org\/?page_id=47"},"modified":"2024-05-21T08:33:30","modified_gmt":"2024-05-21T06:33:30","slug":"comment-adherer","status":"publish","type":"page","link":"https:\/\/aeti-unsa-bordeaux.org\/?page_id=47","title":{"rendered":"Comment adh\u00e9rer ?"},"content":{"rendered":"\n<h4><strong>Quand r\u00e9gler sa cotisation&nbsp;?<\/strong><\/h4>\n\n\n\n<p>La cotisation couvre l\u2019ann\u00e9e scolaire&nbsp;; c\u2019est donc d\u00e8s septembre qu\u2019elle se paie.<\/p>\n\n\n\n<h4><strong>O\u00f9 ?<\/strong><\/h4>\n\n\n\n<ul><li>Sur le site A &amp; I national<br><a href=\"https:\/\/www.aeti-unsa.org\/comment-adherer-au-syndicat-html\/\">https:\/\/www.aeti-unsa.org\/comment-adherer-au-syndicat-html\/<\/a> .<\/li><\/ul>\n\n\n\n<p>Pour toute question , vous pouvez vous adresser \u00e0 notre tr\u00e9sori\u00e8re acad\u00e9mique :<br>Chrystelle Deloche 8 rue Ren\u00e9 Fournet 64400 Oloron Ste Marie. <br><strong>chrystelle.deloche@ac-bordeaux.fr<\/strong>  <\/p>\n\n\n\n<p><\/p>\n","protected":false},"excerpt":{"rendered":"<p>Quand r\u00e9gler sa cotisation&nbsp;? La cotisation couvre l\u2019ann\u00e9e scolaire&nbsp;; c\u2019est donc d\u00e8s septembre qu\u2019elle se paie. O\u00f9 ? Sur le site A &amp; I nationalhttps:\/\/www.aeti-unsa.org\/comment-adherer-au-syndicat-html\/ . Pour toute question , vous pouvez vous adresser \u00e0 notre tr\u00e9sori\u00e8re acad\u00e9mique :Chrystelle Deloche 8 rue Ren\u00e9 Fournet 64400 Oloron Ste Marie. chrystelle.deloche@ac-bordeaux.fr<\/p>\n","protected":false},"author":1,"featured_media":0,"parent":0,"menu_order":1,"comment_status":"closed","ping_status":"closed","template":"","meta":{"spay_email":""},"_links":{"self":[{"href":"https:\/\/aeti-unsa-bordeaux.org\/index.php?rest_route=\/wp\/v2\/pages\/47"}],"collection":[{"href":"https:\/\/aeti-unsa-bordeaux.org\/index.php?rest_route=\/wp\/v2\/pages"}],"about":[{"href":"https:\/\/aeti-unsa-bordeaux.org\/index.php?rest_route=\/wp\/v2\/types\/page"}],"author":[{"embeddable":true,"href":"https:\/\/aeti-unsa-bordeaux.org\/index.php?rest_route=\/wp\/v2\/users\/1"}],"replies":[{"embeddable":true,"href":"https:\/\/aeti-unsa-bordeaux.org\/index.php?rest_route=%2Fwp%2Fv2%2Fcomments&post=47"}],"version-history":[{"count":13,"href":"https:\/\/aeti-unsa-bordeaux.org\/index.php?rest_route=\/wp\/v2\/pages\/47\/revisions"}],"predecessor-version":[{"id":1734,"href":"https:\/\/aeti-unsa-bordeaux.org\/index.php?rest_route=\/wp\/v2\/pages\/47\/revisions\/1734"}],"wp:attachment":[{"href":"https:\/\/aeti-unsa-bordeaux.org\/index.php?rest_route=%2Fwp%2Fv2%2Fmedia&parent=47"}],"curies":[{"name":"wp","href":"https:\/\/api.w.org\/{rel}","templated":true}]}}