{"id":50,"date":"2019-07-09T20:40:50","date_gmt":"2019-07-09T18:40:50","guid":{"rendered":"http:\/\/aeti-unsa-bordeaux.org\/?page_id=50"},"modified":"2025-10-18T09:26:06","modified_gmt":"2025-10-18T07:26:06","slug":"lequipe-academique","status":"publish","type":"page","link":"https:\/\/aeti-unsa-bordeaux.org\/?page_id=50","title":{"rendered":"L\u2019\u00e9quipe acad\u00e9mique"},"content":{"rendered":"\n<p>Secr\u00e9taire acad\u00e9mique :<br>Sandrine BRANA &#8211; LG PAPE CLEMENT PESSAC &#8211; 33 <a href=\"mailto: aeti-bordeaux@aeti-unsa.org\"> aeti-bordeaux@aeti-unsa.org<\/a> <\/p>\n\n\n\n<div class=\"wp-block-image\"><figure class=\"aligncenter is-resized\"><img loading=\"lazy\" src=\"http:\/\/aeti-unsa-bordeaux.org\/wp-content\/uploads\/2019\/12\/Sandrine-Brana-identit\u00e9.jpg\" alt=\"\" class=\"wp-image-513\" width=\"170\" height=\"170\" srcset=\"https:\/\/aeti-unsa-bordeaux.org\/wp-content\/uploads\/2019\/12\/Sandrine-Brana-identit\u00e9.jpg 527w, https:\/\/aeti-unsa-bordeaux.org\/wp-content\/uploads\/2019\/12\/Sandrine-Brana-identit\u00e9-150x150.jpg 150w, https:\/\/aeti-unsa-bordeaux.org\/wp-content\/uploads\/2019\/12\/Sandrine-Brana-identit\u00e9-300x300.jpg 300w\" sizes=\"(max-width: 170px) 100vw, 170px\" \/><\/figure><\/div>\n\n\n\n<p>Secr\u00e9taire acad\u00e9mique adjoint<br>DEVILLEBICHOT Eric &#8211;  CITE SCOLAIRE MAURICE RAVEL  ST-JEAN DE LUZ- 64<br> <a href=\"mailto:eric.devillebichot@ac-bordeaux.fr\">eric.devillebichot@ac-bordeaux.fr<\/a> <\/p>\n\n\n\n<div class=\"wp-block-image\"><figure class=\"aligncenter size-full is-resized\"><img loading=\"lazy\" src=\"http:\/\/aeti-unsa-bordeaux.org\/wp-content\/uploads\/2022\/10\/eric-08-22.jpg\" alt=\"\" class=\"wp-image-1348\" width=\"130\" height=\"178\"\/><figcaption>Eric DEVILLEBICHOT<\/figcaption><\/figure><\/div>\n\n\n\n<p>Tr\u00e9sori\u00e8re acad\u00e9mique&nbsp;:<br>DELOCHE Chrystelle &#8211;  LYCEE JULES SUPERVIELLE &#8211; OLORON-STE-MARIE &#8211; 64   <a href=\"mailto:Chrystelle.Deloche@ac-bordeaux.fr\">Chrystelle.Deloche@ac-bordeaux.fr<\/a><br><\/p>\n\n\n\n<div class=\"wp-block-image\"><figure class=\"aligncenter size-full is-resized\"><img loading=\"lazy\" src=\"http:\/\/aeti-unsa-bordeaux.org\/wp-content\/uploads\/2022\/10\/Photo-christelle.jpg\" alt=\"\" class=\"wp-image-1345\" width=\"153\" height=\"139\"\/><\/figure><\/div>\n\n\n\n<p>Comit\u00e9 de suivi op@le :<br>Benjamin GODIN &#8211; Lyc\u00e9e Fran\u00e7ois Mauriac &#8211; Bordeaux &#8211; 33 <a href=\"mailto:benjamin.godin@ac-bordeaux.fr\">benjamin.godin@ac-bordeaux.fr<\/a><br>Fr\u00e9d\u00e9ric LARROQUE &#8211; Lyc\u00e9e Haroun Tazieff &#8211; St-Paul l\u00e8s Dax &#8211; 40 <a href=\"mailto:frederic.larroque@ac-bordeaux.fr\">frederic.larroque@ac-bordeaux.fr<\/a><br><br>Correspondant EPLE :<br>GLERE J\u00e9r\u00f4me &#8211;  Lyc\u00e9e Victor Louis &#8211; TALENCE &#8211; 33     <a href=\"mailto:Jerome.Glere@ac-bordeaux.fr\">Jerome.Glere@ac-bordeaux.fr<\/a><\/p>\n\n\n\n<p>Correspondant Enseignement Sup\u00e9rieur&nbsp;:<br>KONARSKI Igor &#8211;  UPPA &#8211; PAU  &#8211; 64                                   <a href=\"mailto:Igor.Konarski@ac-bordeaux.fr\">Igor.Konarski@ac-bordeaux.fr<\/a><\/p>\n\n\n\n<p>Correspondant CROUS <br>ZICKO Gilles &#8211;  CLOUS DE PAU &#8211;  64                  <a rel=\"noreferrer noopener\" href=\"mailto:gilles.zicko@crous-bordeaux.fr\" target=\"_blank\">gilles.zicko@crous-bordeaux.fr<\/a><br><br>Correspondante Services :<br>GUERRI Alice &#8211; DSDEN 64 PAU<\/p>\n","protected":false},"excerpt":{"rendered":"<p>Secr\u00e9taire acad\u00e9mique :Sandrine BRANA &#8211; LG PAPE CLEMENT PESSAC &#8211; 33 aeti-bordeaux@aeti-unsa.org Secr\u00e9taire acad\u00e9mique adjointDEVILLEBICHOT Eric &#8211; CITE SCOLAIRE MAURICE RAVEL ST-JEAN DE LUZ- 64 eric.devillebichot@ac-bordeaux.fr Tr\u00e9sori\u00e8re acad\u00e9mique&nbsp;:DELOCHE Chrystelle &#8211; LYCEE JULES SUPERVIELLE &#8211; OLORON-STE-MARIE &#8211; 64 Chrystelle.Deloche@ac-bordeaux.fr Comit\u00e9 de suivi op@le :Benjamin GODIN &#8211; Lyc\u00e9e Fran\u00e7ois Mauriac &#8211; Bordeaux &#8211; 33 benjamin.godin@ac-bordeaux.frFr\u00e9d\u00e9ric LARROQUE &#8211; [&hellip;]<\/p>\n","protected":false},"author":1,"featured_media":0,"parent":0,"menu_order":3,"comment_status":"closed","ping_status":"closed","template":"","meta":{"spay_email":""},"_links":{"self":[{"href":"https:\/\/aeti-unsa-bordeaux.org\/index.php?rest_route=\/wp\/v2\/pages\/50"}],"collection":[{"href":"https:\/\/aeti-unsa-bordeaux.org\/index.php?rest_route=\/wp\/v2\/pages"}],"about":[{"href":"https:\/\/aeti-unsa-bordeaux.org\/index.php?rest_route=\/wp\/v2\/types\/page"}],"author":[{"embeddable":true,"href":"https:\/\/aeti-unsa-bordeaux.org\/index.php?rest_route=\/wp\/v2\/users\/1"}],"replies":[{"embeddable":true,"href":"https:\/\/aeti-unsa-bordeaux.org\/index.php?rest_route=%2Fwp%2Fv2%2Fcomments&post=50"}],"version-history":[{"count":30,"href":"https:\/\/aeti-unsa-bordeaux.org\/index.php?rest_route=\/wp\/v2\/pages\/50\/revisions"}],"predecessor-version":[{"id":1863,"href":"https:\/\/aeti-unsa-bordeaux.org\/index.php?rest_route=\/wp\/v2\/pages\/50\/revisions\/1863"}],"wp:attachment":[{"href":"https:\/\/aeti-unsa-bordeaux.org\/index.php?rest_route=%2Fwp%2Fv2%2Fmedia&parent=50"}],"curies":[{"name":"wp","href":"https:\/\/api.w.org\/{rel}","templated":true}]}}