{"id":97,"date":"2019-07-16T06:55:53","date_gmt":"2019-07-16T04:55:53","guid":{"rendered":"http:\/\/aeti-unsa-bordeaux.org\/?page_id=97"},"modified":"2025-09-02T09:22:48","modified_gmt":"2025-09-02T07:22:48","slug":"saenes","status":"publish","type":"page","link":"https:\/\/aeti-unsa-bordeaux.org\/?page_id=97","title":{"rendered":"SAENES"},"content":{"rendered":"\n<p class=\"has-large-font-size\">Vos commissaires paritaires \u00e9lues en 2022 <\/p>\n\n\n\n<p><br><strong>TITULAIRES<\/strong><\/p>\n\n\n\n<p><\/p>\n\n\n\n<p class=\"has-medium-font-size\">Mme DUTREUILH V\u00e9ronique &#8211; EREA , Tr\u00e9lissac &#8211; 24<br><a href=\"mailto:veronique.dutreuilh@ac-bordeaux.fr\">veronique.dutreuilh<\/a><a href=\"mailto:Clarisse.Pelois@ac-bordeaux.fr\">@ac-bordeaux.fr<\/a><\/p>\n","protected":false},"excerpt":{"rendered":"<p>Vos commissaires paritaires \u00e9lues en 2022 TITULAIRES Mme DUTREUILH V\u00e9ronique &#8211; EREA , Tr\u00e9lissac &#8211; 24veronique.dutreuilh@ac-bordeaux.fr<\/p>\n","protected":false},"author":1,"featured_media":0,"parent":91,"menu_order":1,"comment_status":"closed","ping_status":"closed","template":"","meta":{"spay_email":""},"_links":{"self":[{"href":"https:\/\/aeti-unsa-bordeaux.org\/index.php?rest_route=\/wp\/v2\/pages\/97"}],"collection":[{"href":"https:\/\/aeti-unsa-bordeaux.org\/index.php?rest_route=\/wp\/v2\/pages"}],"about":[{"href":"https:\/\/aeti-unsa-bordeaux.org\/index.php?rest_route=\/wp\/v2\/types\/page"}],"author":[{"embeddable":true,"href":"https:\/\/aeti-unsa-bordeaux.org\/index.php?rest_route=\/wp\/v2\/users\/1"}],"replies":[{"embeddable":true,"href":"https:\/\/aeti-unsa-bordeaux.org\/index.php?rest_route=%2Fwp%2Fv2%2Fcomments&post=97"}],"version-history":[{"count":22,"href":"https:\/\/aeti-unsa-bordeaux.org\/index.php?rest_route=\/wp\/v2\/pages\/97\/revisions"}],"predecessor-version":[{"id":1833,"href":"https:\/\/aeti-unsa-bordeaux.org\/index.php?rest_route=\/wp\/v2\/pages\/97\/revisions\/1833"}],"up":[{"embeddable":true,"href":"https:\/\/aeti-unsa-bordeaux.org\/index.php?rest_route=\/wp\/v2\/pages\/91"}],"wp:attachment":[{"href":"https:\/\/aeti-unsa-bordeaux.org\/index.php?rest_route=%2Fwp%2Fv2%2Fmedia&parent=97"}],"curies":[{"name":"wp","href":"https:\/\/api.w.org\/{rel}","templated":true}]}}